{"id":2628,"date":"2024-04-06T22:51:48","date_gmt":"2024-04-06T22:51:48","guid":{"rendered":"https:\/\/www.cassinasesores.es\/?page_id=2628"},"modified":"2026-02-05T13:06:16","modified_gmt":"2026-02-05T12:06:16","slug":"aviso-legal","status":"publish","type":"page","link":"https:\/\/www.cassinasesores.es\/vlca\/aviso-legal\/","title":{"rendered":"Av\u00eds legal"},"content":{"rendered":"<div data-elementor-type=\"wp-page\" data-elementor-id=\"2628\" class=\"elementor elementor-2628\">\n\t\t\t\t<div class=\"elementor-element elementor-element-3ff1b85 e-flex e-con-boxed e-con e-parent\" data-id=\"3ff1b85\" data-element_type=\"container\">\n\t\t\t\t\t<div class=\"e-con-inner\">\n\t\t<div class=\"elementor-element elementor-element-de4b28f e-flex e-con-boxed e-con e-child\" data-id=\"de4b28f\" data-element_type=\"container\">\n\t\t\t\t\t<div class=\"e-con-inner\">\n\t\t<div class=\"elementor-element elementor-element-872ce18 e-flex e-con-boxed e-con e-child\" data-id=\"872ce18\" data-element_type=\"container\">\n\t\t\t\t\t<div class=\"e-con-inner\">\n\t\t\t\t<div class=\"elementor-element elementor-element-4f3b682 elementor-widget elementor-widget-text-editor\" data-id=\"4f3b682\" data-element_type=\"widget\" data-widget_type=\"text-editor.default\">\n\t\t\t\t<div class=\"elementor-widget-container\">\n\t\t\t\t\t\t\t\t\t<h2>AV\u00cdS LEGAL<\/h2>\n<h3 align=\"justify\"><span style=\"font-family: Calibri, serif;\"><b>DADES DE L'ENTITAT<\/b><\/span><\/h3>\n<p align=\"justify\"><span style=\"font-family: Calibri, serif;\">En cumplimiento del art\u00edculo 10 de la Ley 34\/2002, de 11 de julio, de Servicios de la Sociedad de la Informaci\u00f3n y Comercio Electr\u00f3nico, CASSIN ASSESSORS, S.L. le informa que se encuentra inscrita en el Registro Mercantil de la provincia de Castell\u00f3n. Tomo 1000 Libro 564 Folio 78 Secci\u00f3n 8 Hoja CS 15732<\/span><span style=\"font-family: Calibri, serif;\">, sent les seues dades identificatives els seg\u00fcents:<\/span><\/p>\n<ul>\n<li value=\"1\">\n<p align=\"justify\"><span style=\"font-family: Calibri, serif;\"><b>Denominaci\u00f3 social:<\/b><\/span><span style=\"font-family: Calibri, serif;\"> CASSIN ASSESSORS, S.L.<\/span><\/p>\n<\/li>\n<li>\n<p align=\"justify\"><span style=\"font-family: Calibri, serif;\"><b>C.I.F.:<\/b><\/span><span style=\"font-family: Calibri, serif;\"> B12516993<\/span><\/p>\n<\/li>\n<li>\n<p align=\"justify\"><span style=\"font-family: Calibri, serif;\"><b>Domicili social:<\/b><\/span><span style=\"font-family: Calibri, serif;\"> C\/ OCTAVI TEN I ORENGA 31 BAJO 12600 &#8211; LA VALL D UIXO (CASTELLON) <\/span><\/p>\n<\/li>\n<li>\n<p align=\"justify\"><span style=\"font-family: Calibri, serif;\"><b>Tel\u00e8fon:<\/b><\/span><span style=\"font-family: Calibri, serif;\"> 964665009<\/span><\/p>\n<\/li>\n<li>\n<p align=\"justify\"><span style=\"font-family: Calibri, serif;\"><b>Correu electr\u00f2nic a l'efecte de comunicaci\u00f3:<\/b><\/span> <span style=\"color: #0000ff;\"><span style=\"font-family: Calibri, serif;\"><u>info@cassinasesores.es<\/u><\/span><\/span><\/p>\n<\/li>\n<li>\n<p align=\"justify\"><span style=\"font-family: Calibri, serif;\"><b>Domini web:<\/b><\/span> <span style=\"color: #0000ff;\"><span style=\"font-family: Calibri, serif;\"><i><u>www.cassinasesores.es<\/u><\/i><\/span><\/span><\/p>\n<\/li>\n<li>\n<p align=\"justify\"><span style=\"font-family: Calibri, serif;\"><b>Dades de contacte Delegat de Protecci\u00f3 de Dades<\/b><\/span><span style=\"font-family: Calibri, serif;\">: Tel\u00e8fon: 964665009 Correu electr\u00f2nic: <\/span><span style=\"color: #0000ff;\"><span style=\"font-family: Calibri, serif;\"><u>olga@cassinasesores.es<\/u><\/span><\/span><span style=\"font-family: Calibri, serif;\">. <\/span><\/p>\n<\/li>\n<\/ul>\n<p align=\"justify\"><span style=\"font-family: Calibri, serif;\">Totes les notificacions i comunicacions entre els usuaris i CASSIN ASSESSORS, S.L. es consideraran efica\u00e7os, amb car\u00e0cter general, quan es realitzen a trav\u00e9s de correu postal o qualsevol altre mitj\u00e0 dels detallats anteriorment.<\/span><\/p>\n<h3 align=\"justify\"><span style=\"font-family: Calibri, serif;\"><b>CONDICIONS D'ACC\u00c9S I UTILITZACI\u00d3<\/b><\/span><\/h3>\n<p align=\"justify\"><span style=\"font-family: Calibri, serif;\">El present av\u00eds legal regula l'\u00fas del lloc web <\/span><span style=\"color: #0000ff;\"><span style=\"font-family: Calibri, serif;\"><i><u>www.cassinasesores.es<\/u><\/i><\/span><\/span><i> <\/i><span style=\"font-family: Calibri, serif;\">(d'ara en avant, LA WEB), del qual \u00e9s titular CASSIN ASSESSORS, S.L..<\/span><\/p>\n<p align=\"justify\"><span style=\"font-family: Calibri, serif;\">La navegaci\u00f3 per la web de CASSIN ASSESSORS, S.L. atribu\u00efx la condici\u00f3 d'usuari del mateix i implica l'acceptaci\u00f3 plena i sense reserves de totes i cadascuna de les disposicions incloses en este Av\u00eds Legal, que poden patir modificacions.<\/span><\/p>\n<p align=\"justify\"><span style=\"font-family: Calibri, serif;\">El lloc web i els seus servicis s\u00f3n d'acc\u00e9s lliure i gratu\u00eft, no obstant aix\u00f2, CASSIN ASSESSORS, S.L. condiciona la utilitzaci\u00f3 d'alguns dels servicis oferits en el seu web al previ emplenament del corresponent formulari.<\/span><\/p>\n<p align=\"justify\"><span style=\"font-family: Calibri, serif;\">Tots els continguts del lloc web, com a textos, fotografies, gr\u00e0fics, imatges, icones, tecnologia, programari, aix\u00ed com el seu disseny i codis font, constitu\u00efxen una obra la propietat de la qual pertany a CASSIN ASSESSORS, S.L., sense que puguen entendre's cedits a l'usuari cap dels drets d'explotaci\u00f3 sobre els mateixos m\u00e9s enll\u00e0 de l'estrictament necessari per al correcte \u00fas de la web.<\/span><\/p>\n<p align=\"justify\"><span style=\"font-family: Calibri, serif;\">L'usuari garantix l'autenticitat i actualitat de totes aquelles dades que comunique a CASSIN ASSESSORS, S.L. i ser\u00e0 l'\u00fanic responsable de les manifestacions falses o inexactes que realitze.<\/span><\/p>\n<p align=\"justify\"><span style=\"font-family: Calibri, serif;\">L'usuari s'obliga a fer un \u00fas correcte del lloc web de conformitat amb les lleis, la bona fe, l'orde p\u00fablic, els usos del tr\u00e0nsit i el present Av\u00eds Legal. L'usuari respondr\u00e0 enfront de CASSIN ASSESSORS, S.L. o enfront de tercers, de qualssevol danys i perju\u00eds que pogueren causar-se a conseq\u00fc\u00e8ncia de l'incompliment d'esta obligaci\u00f3.<\/span><\/p>\n<h3 align=\"justify\"><span style=\"font-family: Calibri, serif;\"><b>POL\u00cdTICA D'ENLLA\u00c7OS I EXEMPCIONS DE RESPONSABILITATS<\/b><\/span><\/h3>\n<p align=\"justify\"><span style=\"font-family: Calibri, serif;\">CASSIN ASSESSORS, S.L. no es fa responsable del contingut de les p\u00e0gines web a les quals l'usuari puga accedir a trav\u00e9s dels enlla\u00e7os establits en LA WEB i declara que en cap cas procedir\u00e0 a examinar o exercitar cap mena de control sobre el contingut d'altres p\u00e0gines de la xarxa. Aix\u00ed mateix, <\/span><span style=\"font-family: Calibri, serif;\">tampoco<\/span><span style=\"font-family: Calibri, serif;\"> garantizar\u00e1 la disponibilidad t\u00e9cnica, exactitud, veracidad, validez o legalidad de p\u00e1ginas ajenas a su propiedad a las que se pueda acceder por medio de los enlaces.<\/span><\/p>\n<p align=\"justify\"><span style=\"font-family: Calibri, serif;\">CASSIN ASSESSORS, S.L. declara haver adoptat totes les mesures necess\u00e0ries per a evitar qualssevol danys que, als usuaris de LA WEB, pogueren derivar-se de la navegaci\u00f3 per esta. En conseq\u00fc\u00e8ncia, CASSIN ASSESSORS, S.L. no es fa responsable, en cap cas, dels eventuals danys que per la navegaci\u00f3 per Internet poguera patir <\/span><span style=\"font-family: Calibri, serif;\">el<\/span><span style=\"font-family: Calibri, serif;\"> usuario.<\/span><\/p>\n<h3 align=\"justify\"><span style=\"font-family: Calibri, serif;\"><b>\u00daS DE COOKIES I DADES ESTAD\u00cdSTIQUES<\/b><\/span><\/h3>\n<p align=\"justify\"><span style=\"font-family: Calibri, serif;\">Esta p\u00e0gina web pot arreplegar dades dels seus visitants per mitj\u00e0 de l'\u00fas de cookies, on es recaptar\u00e0 informaci\u00f3 personal relacionada amb la seua navegaci\u00f3. Per a con\u00e9ixer de manera clara i precisa les cookies que utilitzem, quines s\u00f3n les seues finalitats i com pot configurar-les o deshabilitar-les, consulte nostra <\/span><span style=\"font-family: Calibri, serif;\"><i><u><b>pol\u00edtica de cookies<\/b><\/u><\/i><\/span><span style=\"font-family: Calibri, serif;\">, si \u00e9s el cas. <\/span><\/p>\n<p align=\"justify\"><span style=\"font-family: Calibri, serif;\">L'usuari t\u00e9 la possibilitat de configurar el seu navegador de manera que se l'informe de la recepci\u00f3 de cookies, podent, si aix\u00ed ho desitja, impedir que siguen instal\u00b7lades en el seu disc dur.<\/span><\/p>\n<h3 align=\"justify\"><span style=\"font-family: Calibri, serif;\"><b>PROTECCI\u00d3 DE DADES <\/b><\/span><\/h3>\n<p align=\"justify\"><span style=\"font-family: Calibri, serif;\">En el cas que en la web s'arrepleguen dades de car\u00e0cter personal, per a m\u00e9s informaci\u00f3 consultar la <\/span><span style=\"font-family: Calibri, serif;\"><i><u><b>pol\u00edtica de privacitat<\/b><\/u><\/i><\/span><span style=\"font-family: Calibri, serif;\">.<\/span><\/p>\n<h3 style=\"text-align: left;\" align=\"justify\"><span style=\"font-family: Calibri, serif;\"><b>RESOLUCI\u00d3 DE CONTROV\u00c8RSIES. LLEI APLICABLE I JURISDICCI\u00d3<\/b><\/span><\/h3>\n<p align=\"justify\"><span style=\"font-family: Calibri, serif;\">Les presents Condicions Generals d'\u00das, aix\u00ed com l'\u00fas de l'Espai Web, es regiran per la legislaci\u00f3 espanyola. Per a la resoluci\u00f3 de qualsevol controv\u00e8rsia les parts se sotmetran als Jutjats i Tribunals del domicili social del responsable del lloc web.<\/span><\/p>\n<p align=\"justify\"><span style=\"font-family: Calibri, serif;\">En el cas que qualsevol estipulaci\u00f3 de les presents Condicions Generals d'\u00das resultara inexigible o nul\u00b7la en virtut de la legislaci\u00f3 aplicable o a conseq\u00fc\u00e8ncia d'una resoluci\u00f3 judicial o administrativa, esta inexigibilitat o nul\u00b7litat no far\u00e0 que les presents Condicions Generals d'\u00das resulten inexigibles o nul\u00b7les en el seu conjunt. En estos casos, l'empresa procedir\u00e0 a la modificaci\u00f3 o substituci\u00f3 d'esta estipulaci\u00f3 per una altra que siga v\u00e0lida i exigible i que, en la mesura que siga possible, aconseguisca l'objectiu i pretensi\u00f3 reflectits en l'estipulaci\u00f3 original.<\/span><\/p>\n<p><!-- \/wp:heading --><\/p>\t\t\t\t\t\t\t\t<\/div>\n\t\t\t\t<\/div>\n\t\t\t\t\t<\/div>\n\t\t\t\t<\/div>\n\t\t\t\t\t<\/div>\n\t\t\t\t<\/div>\n\t\t\t\t\t<\/div>\n\t\t\t\t<\/div>\n\t\t\t\t<\/div>","protected":false},"excerpt":{"rendered":"<p>AVISO LEGAL DATOS DE LA ENTIDAD En cumplimiento del art\u00edculo 10 de la Ley 34\/2002, de 11 de julio, de Servicios de la Sociedad de la Informaci\u00f3n y Comercio Electr\u00f3nico, CASSIN ASSESSORS, S.L. le informa que se encuentra inscrita en el Registro Mercantil de la provincia de Castell\u00f3n. Tomo 1000 Libro 564 Folio 78 Secci\u00f3n&hellip; <a class=\"continue\" href=\"https:\/\/www.cassinasesores.es\/vlca\/aviso-legal\/\">Continuar Leyendo<span> Av\u00eds legal<\/span><\/a><\/p>","protected":false},"author":1,"featured_media":0,"parent":0,"menu_order":0,"comment_status":"closed","ping_status":"closed","template":"","meta":{"site-sidebar-layout":"no-sidebar","site-content-layout":"page-builder","ast-site-content-layout":"full-width-container","site-content-style":"default","site-sidebar-style":"default","ast-global-header-display":"","ast-banner-title-visibility":"","ast-main-header-display":"","ast-hfb-above-header-display":"","ast-hfb-below-header-display":"","ast-hfb-mobile-header-display":"","site-post-title":"disabled","ast-breadcrumbs-content":"","ast-featured-img":"disabled","footer-sml-layout":"","theme-transparent-header-meta":"","adv-header-id-meta":"","stick-header-meta":"","header-above-stick-meta":"","header-main-stick-meta":"","header-below-stick-meta":"","astra-migrate-meta-layouts":"set","ast-page-background-enabled":"default","ast-page-background-meta":{"desktop":{"background-color":"","background-image":"","background-repeat":"repeat","background-position":"center center","background-size":"auto","background-attachment":"scroll","background-type":"","background-media":"","overlay-type":"","overlay-color":"","overlay-gradient":""},"tablet":{"background-color":"","background-image":"","background-repeat":"repeat","background-position":"center center","background-size":"auto","background-attachment":"scroll","background-type":"","background-media":"","overlay-type":"","overlay-color":"","overlay-gradient":""},"mobile":{"background-color":"","background-image":"","background-repeat":"repeat","background-position":"center center","background-size":"auto","background-attachment":"scroll","background-type":"","background-media":"","overlay-type":"","overlay-color":"","overlay-gradient":""}},"ast-content-background-meta":{"desktop":{"background-color":"var(--ast-global-color-5)","background-image":"","background-repeat":"repeat","background-position":"center center","background-size":"auto","background-attachment":"scroll","background-type":"","background-media":"","overlay-type":"","overlay-color":"","overlay-gradient":""},"tablet":{"background-color":"var(--ast-global-color-5)","background-image":"","background-repeat":"repeat","background-position":"center center","background-size":"auto","background-attachment":"scroll","background-type":"","background-media":"","overlay-type":"","overlay-color":"","overlay-gradient":""},"mobile":{"background-color":"var(--ast-global-color-5)","background-image":"","background-repeat":"repeat","background-position":"center center","background-size":"auto","background-attachment":"scroll","background-type":"","background-media":"","overlay-type":"","overlay-color":"","overlay-gradient":""}},"_joinchat":[],"footnotes":""},"class_list":["post-2628","page","type-page","status-publish","hentry"],"yoast_head":"<!-- This site is optimized with the Yoast SEO plugin v22.4 - https:\/\/yoast.com\/wordpress\/plugins\/seo\/ -->\n<title>Aviso legal - CASSIN Assessors<\/title>\n<meta name=\"robots\" content=\"index, follow, max-snippet:-1, max-image-preview:large, max-video-preview:-1\" \/>\n<link rel=\"canonical\" href=\"https:\/\/www.cassinasesores.es\/vlca\/aviso-legal\/\" \/>\n<meta property=\"og:locale\" content=\"en_US\" \/>\n<meta property=\"og:type\" content=\"article\" \/>\n<meta property=\"og:title\" content=\"Aviso legal - CASSIN Assessors\" \/>\n<meta property=\"og:description\" content=\"AVISO LEGAL DATOS DE LA ENTIDAD En cumplimiento del art\u00edculo 10 de la Ley 34\/2002, de 11 de julio, de Servicios de la Sociedad de la Informaci\u00f3n y Comercio Electr\u00f3nico, CASSIN ASSESSORS, S.L. le informa que se encuentra inscrita en el Registro Mercantil de la provincia de Castell\u00f3n. Tomo 1000 Libro 564 Folio 78 Secci\u00f3n&hellip; Continuar Leyendo Aviso legal\" \/>\n<meta property=\"og:url\" content=\"https:\/\/www.cassinasesores.es\/vlca\/aviso-legal\/\" \/>\n<meta property=\"og:site_name\" content=\"CASSIN Assessors\" \/>\n<meta property=\"article:publisher\" content=\"https:\/\/m.facebook.com\/people\/Cassin-Assessors\/100043677105792\/\" \/>\n<meta property=\"article:modified_time\" content=\"2026-02-05T12:06:16+00:00\" \/>\n<meta name=\"twitter:card\" content=\"summary_large_image\" \/>\n<meta name=\"twitter:label1\" content=\"Est. reading time\" \/>\n\t<meta name=\"twitter:data1\" content=\"4 minutes\" \/>\n<script type=\"application\/ld+json\" class=\"yoast-schema-graph\">{\"@context\":\"https:\/\/schema.org\",\"@graph\":[{\"@type\":\"WebPage\",\"@id\":\"https:\/\/www.cassinasesores.es\/aviso-legal\/\",\"url\":\"https:\/\/www.cassinasesores.es\/aviso-legal\/\",\"name\":\"Aviso legal - CASSIN Assessors\",\"isPartOf\":{\"@id\":\"https:\/\/www.cassinasesores.es\/#website\"},\"datePublished\":\"2024-04-06T22:51:48+00:00\",\"dateModified\":\"2026-02-05T12:06:16+00:00\",\"breadcrumb\":{\"@id\":\"https:\/\/www.cassinasesores.es\/aviso-legal\/#breadcrumb\"},\"inLanguage\":\"vlca\",\"potentialAction\":[{\"@type\":\"ReadAction\",\"target\":[\"https:\/\/www.cassinasesores.es\/aviso-legal\/\"]}]},{\"@type\":\"BreadcrumbList\",\"@id\":\"https:\/\/www.cassinasesores.es\/aviso-legal\/#breadcrumb\",\"itemListElement\":[{\"@type\":\"ListItem\",\"position\":1,\"name\":\"Portada\",\"item\":\"https:\/\/www.cassinasesores.es\/\"},{\"@type\":\"ListItem\",\"position\":2,\"name\":\"Aviso legal\"}]},{\"@type\":\"WebSite\",\"@id\":\"https:\/\/www.cassinasesores.es\/#website\",\"url\":\"https:\/\/www.cassinasesores.es\/\",\"name\":\"CASSIN Assessors\",\"description\":\"Centro de Asesoramiento Integral\",\"publisher\":{\"@id\":\"https:\/\/www.cassinasesores.es\/#organization\"},\"alternateName\":\"CASSIN\",\"potentialAction\":[{\"@type\":\"SearchAction\",\"target\":{\"@type\":\"EntryPoint\",\"urlTemplate\":\"https:\/\/www.cassinasesores.es\/?s={search_term_string}\"},\"query-input\":\"required name=search_term_string\"}],\"inLanguage\":\"vlca\"},{\"@type\":\"Organization\",\"@id\":\"https:\/\/www.cassinasesores.es\/#organization\",\"name\":\"CASSIN Assessors\",\"url\":\"https:\/\/www.cassinasesores.es\/\",\"logo\":{\"@type\":\"ImageObject\",\"inLanguage\":\"vlca\",\"@id\":\"https:\/\/www.cassinasesores.es\/#\/schema\/logo\/image\/\",\"url\":\"https:\/\/www.cassinasesores.es\/wp-content\/uploads\/2023\/11\/logo-cassin.png\",\"contentUrl\":\"https:\/\/www.cassinasesores.es\/wp-content\/uploads\/2023\/11\/logo-cassin.png\",\"width\":158,\"height\":94,\"caption\":\"CASSIN Assessors\"},\"image\":{\"@id\":\"https:\/\/www.cassinasesores.es\/#\/schema\/logo\/image\/\"},\"sameAs\":[\"https:\/\/m.facebook.com\/people\/Cassin-Assessors\/100043677105792\/\",\"https:\/\/www.instagram.com\/cassinassessors\/reels\/?hl=fr\"]}]}<\/script>\n<!-- \/ Yoast SEO plugin. -->","yoast_head_json":{"title":"Aviso legal - CASSIN Assessors","robots":{"index":"index","follow":"follow","max-snippet":"max-snippet:-1","max-image-preview":"max-image-preview:large","max-video-preview":"max-video-preview:-1"},"canonical":"https:\/\/www.cassinasesores.es\/vlca\/aviso-legal\/","og_locale":"en_US","og_type":"article","og_title":"Aviso legal - CASSIN Assessors","og_description":"AVISO LEGAL DATOS DE LA ENTIDAD En cumplimiento del art\u00edculo 10 de la Ley 34\/2002, de 11 de julio, de Servicios de la Sociedad de la Informaci\u00f3n y Comercio Electr\u00f3nico, CASSIN ASSESSORS, S.L. le informa que se encuentra inscrita en el Registro Mercantil de la provincia de Castell\u00f3n. Tomo 1000 Libro 564 Folio 78 Secci\u00f3n&hellip; Continuar Leyendo Aviso legal","og_url":"https:\/\/www.cassinasesores.es\/vlca\/aviso-legal\/","og_site_name":"CASSIN Assessors","article_publisher":"https:\/\/m.facebook.com\/people\/Cassin-Assessors\/100043677105792\/","article_modified_time":"2026-02-05T12:06:16+00:00","twitter_card":"summary_large_image","twitter_misc":{"Est. reading time":"4 minutes"},"schema":{"@context":"https:\/\/schema.org","@graph":[{"@type":"WebPage","@id":"https:\/\/www.cassinasesores.es\/aviso-legal\/","url":"https:\/\/www.cassinasesores.es\/aviso-legal\/","name":"Aviso legal - CASSIN Assessors","isPartOf":{"@id":"https:\/\/www.cassinasesores.es\/#website"},"datePublished":"2024-04-06T22:51:48+00:00","dateModified":"2026-02-05T12:06:16+00:00","breadcrumb":{"@id":"https:\/\/www.cassinasesores.es\/aviso-legal\/#breadcrumb"},"inLanguage":"vlca","potentialAction":[{"@type":"ReadAction","target":["https:\/\/www.cassinasesores.es\/aviso-legal\/"]}]},{"@type":"BreadcrumbList","@id":"https:\/\/www.cassinasesores.es\/aviso-legal\/#breadcrumb","itemListElement":[{"@type":"ListItem","position":1,"name":"Portada","item":"https:\/\/www.cassinasesores.es\/"},{"@type":"ListItem","position":2,"name":"Aviso legal"}]},{"@type":"WebSite","@id":"https:\/\/www.cassinasesores.es\/#website","url":"https:\/\/www.cassinasesores.es\/","name":"CASSIN Assessors","description":"Centro de Asesoramiento Integral","publisher":{"@id":"https:\/\/www.cassinasesores.es\/#organization"},"alternateName":"CASSIN","potentialAction":[{"@type":"SearchAction","target":{"@type":"EntryPoint","urlTemplate":"https:\/\/www.cassinasesores.es\/?s={search_term_string}"},"query-input":"required name=search_term_string"}],"inLanguage":"vlca"},{"@type":"Organization","@id":"https:\/\/www.cassinasesores.es\/#organization","name":"CASSIN Assessors","url":"https:\/\/www.cassinasesores.es\/","logo":{"@type":"ImageObject","inLanguage":"vlca","@id":"https:\/\/www.cassinasesores.es\/#\/schema\/logo\/image\/","url":"https:\/\/www.cassinasesores.es\/wp-content\/uploads\/2023\/11\/logo-cassin.png","contentUrl":"https:\/\/www.cassinasesores.es\/wp-content\/uploads\/2023\/11\/logo-cassin.png","width":158,"height":94,"caption":"CASSIN Assessors"},"image":{"@id":"https:\/\/www.cassinasesores.es\/#\/schema\/logo\/image\/"},"sameAs":["https:\/\/m.facebook.com\/people\/Cassin-Assessors\/100043677105792\/","https:\/\/www.instagram.com\/cassinassessors\/reels\/?hl=fr"]}]}},"_links":{"self":[{"href":"https:\/\/www.cassinasesores.es\/vlca\/wp-json\/wp\/v2\/pages\/2628","targetHints":{"allow":["GET"]}}],"collection":[{"href":"https:\/\/www.cassinasesores.es\/vlca\/wp-json\/wp\/v2\/pages"}],"about":[{"href":"https:\/\/www.cassinasesores.es\/vlca\/wp-json\/wp\/v2\/types\/page"}],"author":[{"embeddable":true,"href":"https:\/\/www.cassinasesores.es\/vlca\/wp-json\/wp\/v2\/users\/1"}],"replies":[{"embeddable":true,"href":"https:\/\/www.cassinasesores.es\/vlca\/wp-json\/wp\/v2\/comments?post=2628"}],"version-history":[{"count":15,"href":"https:\/\/www.cassinasesores.es\/vlca\/wp-json\/wp\/v2\/pages\/2628\/revisions"}],"predecessor-version":[{"id":3044,"href":"https:\/\/www.cassinasesores.es\/vlca\/wp-json\/wp\/v2\/pages\/2628\/revisions\/3044"}],"wp:attachment":[{"href":"https:\/\/www.cassinasesores.es\/vlca\/wp-json\/wp\/v2\/media?parent=2628"}],"curies":[{"name":"wp","href":"https:\/\/api.w.org\/{rel}","templated":true}]}}