{"id":2964,"date":"2024-07-09T07:52:27","date_gmt":"2024-07-09T07:52:27","guid":{"rendered":"https:\/\/www.cassinasesores.es\/?page_id=2964"},"modified":"2024-07-16T10:10:23","modified_gmt":"2024-07-16T10:10:23","slug":"accesibilidad","status":"publish","type":"page","link":"https:\/\/www.cassinasesores.es\/vlca\/accesibilidad\/","title":{"rendered":"Accesibilidad"},"content":{"rendered":"<div data-elementor-type=\"wp-page\" data-elementor-id=\"2964\" class=\"elementor elementor-2964\">\n\t\t\t\t<div class=\"elementor-element elementor-element-3490e37 e-flex e-con-boxed e-con e-parent\" data-id=\"3490e37\" data-element_type=\"container\">\n\t\t\t\t\t<div class=\"e-con-inner\">\n\t\t\t\t<div class=\"elementor-element elementor-element-14b01e7 elementor-widget elementor-widget-text-editor\" data-id=\"14b01e7\" data-element_type=\"widget\" data-widget_type=\"text-editor.default\">\n\t\t\t\t<div class=\"elementor-widget-container\">\n\t\t\t\t\t\t\t\t\t<h2>Declaraci\u00f3 d'Accesibilitat<\/h2>\n<p><span style=\"font-style: inherit; font-weight: inherit; text-align: var(--text-align); background-color: var(--ast-global-color-4); color: var(--ast-global-color-3);\">La present declaraci\u00f3 d'accessibilitat s'aplica al lloc web amb domini&nbsp;<\/span><a href=\"https:\/\/www.cassinasesores.es\/vlca\/\" style=\"font-style: inherit; font-weight: inherit; text-align: var(--text-align);\">https:\/\/cassinasesores.es<\/a><span style=\"font-style: inherit; font-weight: inherit; text-align: var(--text-align); background-color: var(--ast-global-color-4); color: var(--ast-global-color-3);\">:<\/span><br><\/p>\n<p><\/p>\n<div class=\"i4t-include-article\" role=\"region\" aria-labelledby=\"i4t-id-4\" data-insuit-uuid=\"24f7ac01-b360-417e-a06c-96ad91bb178f\">\n<p class=\"article-0 i4t-reference-include\"><strong id=\"i4t-id-4\">SITUACI\u00d3 DE COMPLIMIENT<\/strong><\/p>\n<p>Aquest lloc web \u00e9s <b>parcialment conforme<\/b> con el&nbsp;<a href=\"http:\/\/www.boe.es\/diario_boe\/txt.php?id=BOE-A-2018-12699\" data-insuit-uuid=\"7022932a-2229-4497-a565-40134f73f536\">RD 1112\/2018<\/a>&nbsp;a causa de les excepcions i a la falta de conformitat dels aspectes que s'indiquen en el seg\u00fcent punt.<\/p>\n<p><\/p>\n<\/div>\n<div class=\"i4t-include-article\" role=\"region\" aria-labelledby=\"i4t-id-5\" data-insuit-uuid=\"b97bde68-26d8-43be-b366-d2d6564e6b4e\">\n<p class=\"article-1 i4t-reference-include\"><strong id=\"i4t-id-5\">CONTINGUT NO ACCESIBLE<\/strong><\/p>\n<p>El contingut que s'arreplega a continuaci\u00f3 no \u00e9s accessible pel seg\u00fcent:<\/p>\n<ul>\n<li><strong>C\u00e0rrega desproporcionada<\/strong><\/li>\n<\/ul>\n<p>No aplica.<\/p>\n<ul>\n<li><strong>El contingut no entra dins de l'\u00e0mbit de la legislaci\u00f3 aplicable<\/strong><\/li>\n<\/ul>\n<p>Podrien existir arxius ofim\u00e0tics en PDF o altres formats publicats abans del 20 de setembre de 2018 que no complisquen \u00edntegrament tots els requisits d'accessibilitat. Encara que s'ha procurat que la majoria d'ells s\u00ed que ho complisquen.<\/p>\n<p><\/p>\n<\/div>\n<div class=\"i4t-include-article\" role=\"region\" aria-labelledby=\"i4t-id-6\" data-insuit-uuid=\"c64476b3-15a4-498b-9d70-cbd0f9c5b534\">\n<p class=\"article-2 i4t-reference-include\"><strong id=\"i4t-id-6\">PREPARACI\u00d3 DE LA PRESENT DECLARACI\u00d3 D'ACCESSIBILITAT<\/strong><\/p>\n<p>La present declaraci\u00f3 va ser preparada el 8 de Juliol 2024.<\/p>\n<p>El m\u00e8tode emprat per a preparar la declaraci\u00f3 ha sigut una autoavaluaci\u00f3 mitjan\u00e7ant recursos propis.<\/p>\n<p><\/p>\n<\/div>\n<div class=\"i4t-include-article\" role=\"region\" aria-labelledby=\"i4t-id-7\" data-insuit-uuid=\"b640c9ca-8aa2-4edd-8cfa-1cae132e7939\">\n<p class=\"article-3 i4t-reference-include\"><strong id=\"i4t-id-7\">OBSERVACIONS I DADES DE CONTACTE<\/strong><\/p>\n<p>Pot realitzar\u00a0comunicacions\u00a0sobre requisits d'accessibilitat (article 10.2.a de l'RD 1112\/2018) com per exemple:<\/p>\n<ul>\n<li>informar sobre qualsevol possible incompliment per part d'este lloc web<\/li>\n<li>transmetre altres\u00a0dificultats d'acc\u00e9s\u00a0al contingut<\/li>\n<li>formular qualsevol altra\u00a0consulta o suggeriment de millora\u00a0relativa a l'accessibilitat del lloc web<\/li>\n<\/ul>\n<p class=\" translation-block\">a trav\u00e9s del\u00a0\u00a0<a href=\"https:\/\/www.cassinasesores.es\/contacto\/\" target=\"_self\" style=\"text-decoration: underline\">formulari de contacte<\/a>\u00a0d'este lloc web.<\/p>\n<p>Pot presentar:<\/p>\n<ul>\n<li class=\" translation-block\"><strong>Queixa\u00a0<\/strong>relativa al compliment dels requisits del RD 1112\/2018 o<\/li>\n<li><strong>Sol\u00b7licitud d'Informaci\u00f3 accessible<\/strong>&nbsp;relativa a:\n<p>&nbsp; &nbsp; &nbsp; &nbsp; &nbsp; &nbsp; &nbsp; &nbsp; Continguts que estan exclosos de l'\u00e0mbit d'aplicaci\u00f3 del RD 1112\/2018 segons el que s'establix per l'article 3, apartat 4.<\/p>\n<p>&nbsp; &nbsp; &nbsp; &nbsp; &nbsp; &nbsp; &nbsp; &nbsp; Continguts que estan exempts del compliment dels requisits d'accessibilitat per imposar una c\u00e0rrega desproporcionada.<\/p>\n<\/li>\n<\/ul>\n<p>En la Sol\u00b7licitud d'informaci\u00f3 accessible, s'ha de concretar, amb tota claredat, els fets, raons i petici\u00f3 que permeten constatar que es tracta d'una sol\u00b7licitud raonable i leg\u00edtima.<\/p>\n<p><\/p>\n<\/div>\n<div class=\"i4t-include-article\" role=\"region\" aria-labelledby=\"i4t-id-8\" data-insuit-uuid=\"ff4b55b0-f024-47c3-9c34-fd53b1c00ac3\">\n<p class=\"article-4 i4t-reference-include\"><strong id=\"i4t-id-8\">PROCEDIMENT D'APLICACI\u00d3<\/strong><\/p>\n<p>Si una vegada realitzada una sol\u00b7licitud d'informaci\u00f3 accessible o queixa, esta haguera sigut desestimada, no s'estiguera d'acord amb la decisi\u00f3 adoptada, o la resposta no complira els requisits contemplats en l'article 12.5, la persona interessada podr\u00e0 iniciar una reclamaci\u00f3. Igualment es podr\u00e0 iniciar una reclamaci\u00f3 en el cas que haja transcorregut el termini de vint dies h\u00e0bils sense haver obtingut resposta.<\/p>\n<p><\/p>\n<\/div>\n<div class=\"i4t-include-article\" role=\"region\" aria-labelledby=\"i4t-id-9\" data-insuit-uuid=\"8eed37bb-3a09-4c7e-80cc-b214482e589a\">\n<p class=\"article-5 i4t-reference-include\"><strong id=\"i4t-id-9\">CONTINGUT OPCIONAL<\/strong><\/p>\n<p>Este portal est\u00e0 dissenyat per a poder canviar la grand\u00e0ria del text i el color, aix\u00ed com el fons de la p\u00e0gina mitjan\u00e7ant les opcions de configuraci\u00f3 est\u00e0ndard dels navegadors.<\/p>\n<p>Si desitja canviar la grand\u00e0ria de lletra del text en els principals navegadors gr\u00e0fics utilitze els seg\u00fcents men\u00fas:<\/p>\n<ul>\n<li>Internet Explorer, Mozilla y Firefox: Ver &gt; Tama\u00f1o del texto<\/li>\n<li>Opera: Ver &gt; Zoom<\/li>\n<li>Safari: Ver &gt; Hacer el texto m\u00e1s grande<\/li>\n<li>Chrome: Controla la p\u00e1gina actual &gt; Tama\u00f1o del texto<\/li>\n<li>Per a modificar la grand\u00e0ria de tot en la p\u00e0gina:\n<ul>\n<li>Ctrl + + per a augmentar-ho<\/li>\n<li>Ctrl + - per a disminuir-ho<\/li>\n<li>Ctrl + 0 restaura la grand\u00e0ria original del text<\/li>\n<\/ul>\n<\/li>\n<\/ul>\n<\/div>\t\t\t\t\t\t\t\t<\/div>\n\t\t\t\t<\/div>\n\t\t\t\t\t<\/div>\n\t\t\t\t<\/div>\n\t\t\t\t<\/div>","protected":false},"excerpt":{"rendered":"<p>Declaraci\u00f3n de Accesibilidad La presente declaraci\u00f3n de accesibilidad se aplica al sitio web con dominio&nbsp;https:\/\/cassinasesores.es: SITUACI\u00d3N DE CUMPLIMIENTO Este sitio web es parcialmente conforme con el&nbsp;RD 1112\/2018&nbsp;debido a las excepciones y a la falta de conformidad de los aspectos que se indican en el siguiente punto. CONTENIDO NO ACCESIBLE El contenido que se recoge a&hellip; <a class=\"continue\" href=\"https:\/\/www.cassinasesores.es\/vlca\/accesibilidad\/\">Continuar Leyendo<span> Accesibilidad<\/span><\/a><\/p>","protected":false},"author":1,"featured_media":0,"parent":0,"menu_order":0,"comment_status":"closed","ping_status":"closed","template":"","meta":{"site-sidebar-layout":"no-sidebar","site-content-layout":"page-builder","ast-site-content-layout":"full-width-container","site-content-style":"default","site-sidebar-style":"default","ast-global-header-display":"","ast-banner-title-visibility":"","ast-main-header-display":"","ast-hfb-above-header-display":"","ast-hfb-below-header-display":"","ast-hfb-mobile-header-display":"","site-post-title":"disabled","ast-breadcrumbs-content":"","ast-featured-img":"disabled","footer-sml-layout":"","theme-transparent-header-meta":"","adv-header-id-meta":"","stick-header-meta":"","header-above-stick-meta":"","header-main-stick-meta":"","header-below-stick-meta":"","astra-migrate-meta-layouts":"set","ast-page-background-enabled":"default","ast-page-background-meta":{"desktop":{"background-color":"","background-image":"","background-repeat":"repeat","background-position":"center center","background-size":"auto","background-attachment":"scroll","background-type":"","background-media":"","overlay-type":"","overlay-color":"","overlay-gradient":""},"tablet":{"background-color":"","background-image":"","background-repeat":"repeat","background-position":"center center","background-size":"auto","background-attachment":"scroll","background-type":"","background-media":"","overlay-type":"","overlay-color":"","overlay-gradient":""},"mobile":{"background-color":"","background-image":"","background-repeat":"repeat","background-position":"center center","background-size":"auto","background-attachment":"scroll","background-type":"","background-media":"","overlay-type":"","overlay-color":"","overlay-gradient":""}},"ast-content-background-meta":{"desktop":{"background-color":"var(--ast-global-color-5)","background-image":"","background-repeat":"repeat","background-position":"center center","background-size":"auto","background-attachment":"scroll","background-type":"","background-media":"","overlay-type":"","overlay-color":"","overlay-gradient":""},"tablet":{"background-color":"var(--ast-global-color-5)","background-image":"","background-repeat":"repeat","background-position":"center center","background-size":"auto","background-attachment":"scroll","background-type":"","background-media":"","overlay-type":"","overlay-color":"","overlay-gradient":""},"mobile":{"background-color":"var(--ast-global-color-5)","background-image":"","background-repeat":"repeat","background-position":"center center","background-size":"auto","background-attachment":"scroll","background-type":"","background-media":"","overlay-type":"","overlay-color":"","overlay-gradient":""}},"_joinchat":[],"footnotes":""},"class_list":["post-2964","page","type-page","status-publish","hentry"],"yoast_head":"<!-- This site is optimized with the Yoast SEO plugin v22.4 - https:\/\/yoast.com\/wordpress\/plugins\/seo\/ -->\n<title>Accesibilidad - CASSIN Assessors<\/title>\n<meta name=\"robots\" content=\"index, follow, max-snippet:-1, max-image-preview:large, max-video-preview:-1\" \/>\n<link rel=\"canonical\" href=\"https:\/\/www.cassinasesores.es\/vlca\/accesibilidad\/\" \/>\n<meta property=\"og:locale\" content=\"en_US\" \/>\n<meta property=\"og:type\" content=\"article\" \/>\n<meta property=\"og:title\" content=\"Accesibilidad - CASSIN Assessors\" \/>\n<meta property=\"og:description\" content=\"Declaraci\u00f3n de Accesibilidad La presente declaraci\u00f3n de accesibilidad se aplica al sitio web con dominio&nbsp;https:\/\/cassinasesores.es: SITUACI\u00d3N DE CUMPLIMIENTO Este sitio web es parcialmente conforme con el&nbsp;RD 1112\/2018&nbsp;debido a las excepciones y a la falta de conformidad de los aspectos que se indican en el siguiente punto. CONTENIDO NO ACCESIBLE El contenido que se recoge a&hellip; Continuar Leyendo Accesibilidad\" \/>\n<meta property=\"og:url\" content=\"https:\/\/www.cassinasesores.es\/vlca\/accesibilidad\/\" \/>\n<meta property=\"og:site_name\" content=\"CASSIN Assessors\" \/>\n<meta property=\"article:publisher\" content=\"https:\/\/m.facebook.com\/people\/Cassin-Assessors\/100043677105792\/\" \/>\n<meta property=\"article:modified_time\" content=\"2024-07-16T10:10:23+00:00\" \/>\n<meta name=\"twitter:card\" content=\"summary_large_image\" \/>\n<meta name=\"twitter:label1\" content=\"Est. reading time\" \/>\n\t<meta name=\"twitter:data1\" content=\"4 minutes\" \/>\n<script type=\"application\/ld+json\" class=\"yoast-schema-graph\">{\"@context\":\"https:\/\/schema.org\",\"@graph\":[{\"@type\":\"WebPage\",\"@id\":\"https:\/\/www.cassinasesores.es\/accesibilidad\/\",\"url\":\"https:\/\/www.cassinasesores.es\/accesibilidad\/\",\"name\":\"Accesibilidad - CASSIN Assessors\",\"isPartOf\":{\"@id\":\"https:\/\/www.cassinasesores.es\/#website\"},\"datePublished\":\"2024-07-09T07:52:27+00:00\",\"dateModified\":\"2024-07-16T10:10:23+00:00\",\"breadcrumb\":{\"@id\":\"https:\/\/www.cassinasesores.es\/accesibilidad\/#breadcrumb\"},\"inLanguage\":\"vlca\",\"potentialAction\":[{\"@type\":\"ReadAction\",\"target\":[\"https:\/\/www.cassinasesores.es\/accesibilidad\/\"]}]},{\"@type\":\"BreadcrumbList\",\"@id\":\"https:\/\/www.cassinasesores.es\/accesibilidad\/#breadcrumb\",\"itemListElement\":[{\"@type\":\"ListItem\",\"position\":1,\"name\":\"Portada\",\"item\":\"https:\/\/www.cassinasesores.es\/\"},{\"@type\":\"ListItem\",\"position\":2,\"name\":\"Accesibilidad\"}]},{\"@type\":\"WebSite\",\"@id\":\"https:\/\/www.cassinasesores.es\/#website\",\"url\":\"https:\/\/www.cassinasesores.es\/\",\"name\":\"CASSIN Assessors\",\"description\":\"Centro de Asesoramiento Integral\",\"publisher\":{\"@id\":\"https:\/\/www.cassinasesores.es\/#organization\"},\"alternateName\":\"CASSIN\",\"potentialAction\":[{\"@type\":\"SearchAction\",\"target\":{\"@type\":\"EntryPoint\",\"urlTemplate\":\"https:\/\/www.cassinasesores.es\/?s={search_term_string}\"},\"query-input\":\"required name=search_term_string\"}],\"inLanguage\":\"vlca\"},{\"@type\":\"Organization\",\"@id\":\"https:\/\/www.cassinasesores.es\/#organization\",\"name\":\"CASSIN Assessors\",\"url\":\"https:\/\/www.cassinasesores.es\/\",\"logo\":{\"@type\":\"ImageObject\",\"inLanguage\":\"vlca\",\"@id\":\"https:\/\/www.cassinasesores.es\/#\/schema\/logo\/image\/\",\"url\":\"https:\/\/www.cassinasesores.es\/wp-content\/uploads\/2023\/11\/logo-cassin.png\",\"contentUrl\":\"https:\/\/www.cassinasesores.es\/wp-content\/uploads\/2023\/11\/logo-cassin.png\",\"width\":158,\"height\":94,\"caption\":\"CASSIN Assessors\"},\"image\":{\"@id\":\"https:\/\/www.cassinasesores.es\/#\/schema\/logo\/image\/\"},\"sameAs\":[\"https:\/\/m.facebook.com\/people\/Cassin-Assessors\/100043677105792\/\",\"https:\/\/www.instagram.com\/cassinassessors\/reels\/?hl=fr\"]}]}<\/script>\n<!-- \/ Yoast SEO plugin. -->","yoast_head_json":{"title":"Accesibilidad - CASSIN Assessors","robots":{"index":"index","follow":"follow","max-snippet":"max-snippet:-1","max-image-preview":"max-image-preview:large","max-video-preview":"max-video-preview:-1"},"canonical":"https:\/\/www.cassinasesores.es\/vlca\/accesibilidad\/","og_locale":"en_US","og_type":"article","og_title":"Accesibilidad - CASSIN Assessors","og_description":"Declaraci\u00f3n de Accesibilidad La presente declaraci\u00f3n de accesibilidad se aplica al sitio web con dominio&nbsp;https:\/\/cassinasesores.es: SITUACI\u00d3N DE CUMPLIMIENTO Este sitio web es parcialmente conforme con el&nbsp;RD 1112\/2018&nbsp;debido a las excepciones y a la falta de conformidad de los aspectos que se indican en el siguiente punto. CONTENIDO NO ACCESIBLE El contenido que se recoge a&hellip; Continuar Leyendo Accesibilidad","og_url":"https:\/\/www.cassinasesores.es\/vlca\/accesibilidad\/","og_site_name":"CASSIN Assessors","article_publisher":"https:\/\/m.facebook.com\/people\/Cassin-Assessors\/100043677105792\/","article_modified_time":"2024-07-16T10:10:23+00:00","twitter_card":"summary_large_image","twitter_misc":{"Est. reading time":"4 minutes"},"schema":{"@context":"https:\/\/schema.org","@graph":[{"@type":"WebPage","@id":"https:\/\/www.cassinasesores.es\/accesibilidad\/","url":"https:\/\/www.cassinasesores.es\/accesibilidad\/","name":"Accesibilidad - CASSIN Assessors","isPartOf":{"@id":"https:\/\/www.cassinasesores.es\/#website"},"datePublished":"2024-07-09T07:52:27+00:00","dateModified":"2024-07-16T10:10:23+00:00","breadcrumb":{"@id":"https:\/\/www.cassinasesores.es\/accesibilidad\/#breadcrumb"},"inLanguage":"vlca","potentialAction":[{"@type":"ReadAction","target":["https:\/\/www.cassinasesores.es\/accesibilidad\/"]}]},{"@type":"BreadcrumbList","@id":"https:\/\/www.cassinasesores.es\/accesibilidad\/#breadcrumb","itemListElement":[{"@type":"ListItem","position":1,"name":"Portada","item":"https:\/\/www.cassinasesores.es\/"},{"@type":"ListItem","position":2,"name":"Accesibilidad"}]},{"@type":"WebSite","@id":"https:\/\/www.cassinasesores.es\/#website","url":"https:\/\/www.cassinasesores.es\/","name":"CASSIN Assessors","description":"Centro de Asesoramiento Integral","publisher":{"@id":"https:\/\/www.cassinasesores.es\/#organization"},"alternateName":"CASSIN","potentialAction":[{"@type":"SearchAction","target":{"@type":"EntryPoint","urlTemplate":"https:\/\/www.cassinasesores.es\/?s={search_term_string}"},"query-input":"required name=search_term_string"}],"inLanguage":"vlca"},{"@type":"Organization","@id":"https:\/\/www.cassinasesores.es\/#organization","name":"CASSIN Assessors","url":"https:\/\/www.cassinasesores.es\/","logo":{"@type":"ImageObject","inLanguage":"vlca","@id":"https:\/\/www.cassinasesores.es\/#\/schema\/logo\/image\/","url":"https:\/\/www.cassinasesores.es\/wp-content\/uploads\/2023\/11\/logo-cassin.png","contentUrl":"https:\/\/www.cassinasesores.es\/wp-content\/uploads\/2023\/11\/logo-cassin.png","width":158,"height":94,"caption":"CASSIN Assessors"},"image":{"@id":"https:\/\/www.cassinasesores.es\/#\/schema\/logo\/image\/"},"sameAs":["https:\/\/m.facebook.com\/people\/Cassin-Assessors\/100043677105792\/","https:\/\/www.instagram.com\/cassinassessors\/reels\/?hl=fr"]}]}},"_links":{"self":[{"href":"https:\/\/www.cassinasesores.es\/vlca\/wp-json\/wp\/v2\/pages\/2964","targetHints":{"allow":["GET"]}}],"collection":[{"href":"https:\/\/www.cassinasesores.es\/vlca\/wp-json\/wp\/v2\/pages"}],"about":[{"href":"https:\/\/www.cassinasesores.es\/vlca\/wp-json\/wp\/v2\/types\/page"}],"author":[{"embeddable":true,"href":"https:\/\/www.cassinasesores.es\/vlca\/wp-json\/wp\/v2\/users\/1"}],"replies":[{"embeddable":true,"href":"https:\/\/www.cassinasesores.es\/vlca\/wp-json\/wp\/v2\/comments?post=2964"}],"version-history":[{"count":15,"href":"https:\/\/www.cassinasesores.es\/vlca\/wp-json\/wp\/v2\/pages\/2964\/revisions"}],"predecessor-version":[{"id":2980,"href":"https:\/\/www.cassinasesores.es\/vlca\/wp-json\/wp\/v2\/pages\/2964\/revisions\/2980"}],"wp:attachment":[{"href":"https:\/\/www.cassinasesores.es\/vlca\/wp-json\/wp\/v2\/media?parent=2964"}],"curies":[{"name":"wp","href":"https:\/\/api.w.org\/{rel}","templated":true}]}}