{"id":47,"date":"2023-11-23T10:55:14","date_gmt":"2023-11-23T10:55:14","guid":{"rendered":"https:\/\/www.cassinasesores.es\/?page_id=47"},"modified":"2024-06-26T06:13:31","modified_gmt":"2024-06-26T06:13:31","slug":"contacto","status":"publish","type":"page","link":"https:\/\/www.cassinasesores.es\/vlca\/contacto\/","title":{"rendered":"Contacte"},"content":{"rendered":"<div data-elementor-type=\"wp-page\" data-elementor-id=\"47\" class=\"elementor elementor-47\">\n\t\t\t\t<div class=\"elementor-element elementor-element-3c7e7ab e-flex e-con-boxed e-con e-parent\" data-id=\"3c7e7ab\" data-element_type=\"container\">\n\t\t\t\t\t<div class=\"e-con-inner\">\n\t\t<div class=\"elementor-element elementor-element-9dd3565 e-con-full e-flex e-con e-child\" data-id=\"9dd3565\" data-element_type=\"container\">\n\t\t<div class=\"elementor-element elementor-element-79279cc e-flex e-con-boxed e-con e-child\" data-id=\"79279cc\" data-element_type=\"container\">\n\t\t\t\t\t<div class=\"e-con-inner\">\n\t\t\t\t<div class=\"elementor-element elementor-element-3ebd5a7 elementor-widget elementor-widget-heading\" data-id=\"3ebd5a7\" data-element_type=\"widget\" data-widget_type=\"heading.default\">\n\t\t\t\t<div class=\"elementor-widget-container\">\n\t\t\t\t\t<h3 class=\"elementor-heading-title elementor-size-default\">Informaci\u00f3 de contacte<\/h3>\t\t\t\t<\/div>\n\t\t\t\t<\/div>\n\t\t\t\t<div class=\"elementor-element elementor-element-10e026f elementor-widget elementor-widget-text-editor\" data-id=\"10e026f\" data-element_type=\"widget\" data-widget_type=\"text-editor.default\">\n\t\t\t\t<div class=\"elementor-widget-container\">\n\t\t\t\t\t\t\t\t\t<p>Tens preguntes o necessites assessorament expert? El nostre equip est\u00e0 llest i esperant per a oferir-te el suport que necessites.<\/p>\t\t\t\t\t\t\t\t<\/div>\n\t\t\t\t<\/div>\n\t\t\t\t\t<\/div>\n\t\t\t\t<\/div>\n\t\t<div class=\"elementor-element elementor-element-80d475f e-flex e-con-boxed e-con e-child\" data-id=\"80d475f\" data-element_type=\"container\">\n\t\t\t\t\t<div class=\"e-con-inner\">\n\t\t\t\t<div class=\"elementor-element elementor-element-0567a86 elementor-position-left elementor-mobile-position-left elementor-view-default elementor-widget elementor-widget-icon-box\" data-id=\"0567a86\" data-element_type=\"widget\" data-widget_type=\"icon-box.default\">\n\t\t\t\t<div class=\"elementor-widget-container\">\n\t\t\t\t\t\t\t<div class=\"elementor-icon-box-wrapper\">\n\n\t\t\t\t\t\t<div class=\"elementor-icon-box-icon\">\n\t\t\t\t<span  class=\"elementor-icon\">\n\t\t\t\t<svg aria-hidden=\"true\" class=\"e-font-icon-svg e-fas-map-pin\" viewbox=\"0 0 288 512\" xmlns=\"http:\/\/www.w3.org\/2000\/svg\"><path d=\"M112 316.94v156.69l22.02 33.02c4.75 7.12 15.22 7.12 19.97 0L176 473.63V316.94c-10.39 1.92-21.06 3.06-32 3.06s-21.61-1.14-32-3.06zM144 0C64.47 0 0 64.47 0 144s64.47 144 144 144 144-64.47 144-144S223.53 0 144 0zm0 76c-37.5 0-68 30.5-68 68 0 6.62-5.38 12-12 12s-12-5.38-12-12c0-50.73 41.28-92 92-92 6.62 0 12 5.38 12 12s-5.38 12-12 12z\"><\/path><\/svg>\t\t\t\t<\/span>\n\t\t\t<\/div>\n\t\t\t\n\t\t\t\t\t\t<div class=\"elementor-icon-box-content\">\n\n\t\t\t\t\t\t\t\t\t<h5 class=\"elementor-icon-box-title\">\n\t\t\t\t\t\t<span  >\n\t\t\t\t\t\t\tC\/ Octavi Ten i Orenga, 31 bajo 12600 \u2013 La Vall d\u2019Uix\u00f3, Castell\u00f3, Espanya\t\t\t\t\t\t<\/span>\n\t\t\t\t\t<\/h5>\n\t\t\t\t\n\t\t\t\t\n\t\t\t<\/div>\n\t\t\t\n\t\t<\/div>\n\t\t\t\t\t\t<\/div>\n\t\t\t\t<\/div>\n\t\t\t\t<div class=\"elementor-element elementor-element-bb98069 elementor-position-left elementor-mobile-position-left elementor-view-default elementor-widget elementor-widget-icon-box\" data-id=\"bb98069\" data-element_type=\"widget\" data-widget_type=\"icon-box.default\">\n\t\t\t\t<div class=\"elementor-widget-container\">\n\t\t\t\t\t\t\t<div class=\"elementor-icon-box-wrapper\">\n\n\t\t\t\t\t\t<div class=\"elementor-icon-box-icon\">\n\t\t\t\t<span  class=\"elementor-icon\">\n\t\t\t\t<svg aria-hidden=\"true\" class=\"e-font-icon-svg e-fas-phone-alt\" viewbox=\"0 0 512 512\" xmlns=\"http:\/\/www.w3.org\/2000\/svg\"><path d=\"M497.39 361.8l-112-48a24 24 0 0 0-28 6.9l-49.6 60.6A370.66 370.66 0 0 1 130.6 204.11l60.6-49.6a23.94 23.94 0 0 0 6.9-28l-48-112A24.16 24.16 0 0 0 122.6.61l-104 24A24 24 0 0 0 0 48c0 256.5 207.9 464 464 464a24 24 0 0 0 23.4-18.6l24-104a24.29 24.29 0 0 0-14.01-27.6z\"><\/path><\/svg>\t\t\t\t<\/span>\n\t\t\t<\/div>\n\t\t\t\n\t\t\t\t\t\t<div class=\"elementor-icon-box-content\">\n\n\t\t\t\t\t\t\t\t\t<h5 class=\"elementor-icon-box-title\">\n\t\t\t\t\t\t<span  >\n\t\t\t\t\t\t\t+34 964 66 50 09\t\t\t\t\t\t<\/span>\n\t\t\t\t\t<\/h5>\n\t\t\t\t\n\t\t\t\t\n\t\t\t<\/div>\n\t\t\t\n\t\t<\/div>\n\t\t\t\t\t\t<\/div>\n\t\t\t\t<\/div>\n\t\t\t\t<div class=\"elementor-element elementor-element-22e468a elementor-position-left elementor-mobile-position-left elementor-view-default elementor-widget elementor-widget-icon-box\" data-id=\"22e468a\" data-element_type=\"widget\" data-widget_type=\"icon-box.default\">\n\t\t\t\t<div class=\"elementor-widget-container\">\n\t\t\t\t\t\t\t<div class=\"elementor-icon-box-wrapper\">\n\n\t\t\t\t\t\t<div class=\"elementor-icon-box-icon\">\n\t\t\t\t<span  class=\"elementor-icon\">\n\t\t\t\t<svg aria-hidden=\"true\" class=\"e-font-icon-svg e-far-envelope\" viewbox=\"0 0 512 512\" xmlns=\"http:\/\/www.w3.org\/2000\/svg\"><path d=\"M464 64H48C21.49 64 0 85.49 0 112v288c0 26.51 21.49 48 48 48h416c26.51 0 48-21.49 48-48V112c0-26.51-21.49-48-48-48zm0 48v40.805c-22.422 18.259-58.168 46.651-134.587 106.49-16.841 13.247-50.201 45.072-73.413 44.701-23.208.375-56.579-31.459-73.413-44.701C106.18 199.465 70.425 171.067 48 152.805V112h416zM48 400V214.398c22.914 18.251 55.409 43.862 104.938 82.646 21.857 17.205 60.134 55.186 103.062 54.955 42.717.231 80.509-37.199 103.053-54.947 49.528-38.783 82.032-64.401 104.947-82.653V400H48z\"><\/path><\/svg>\t\t\t\t<\/span>\n\t\t\t<\/div>\n\t\t\t\n\t\t\t\t\t\t<div class=\"elementor-icon-box-content\">\n\n\t\t\t\t\t\t\t\t\t<h5 class=\"elementor-icon-box-title\">\n\t\t\t\t\t\t<span  >\n\t\t\t\t\t\t\tinfo@cassinasesores.es\t\t\t\t\t\t<\/span>\n\t\t\t\t\t<\/h5>\n\t\t\t\t\n\t\t\t\t\n\t\t\t<\/div>\n\t\t\t\n\t\t<\/div>\n\t\t\t\t\t\t<\/div>\n\t\t\t\t<\/div>\n\t\t\t\t<div class=\"elementor-element elementor-element-ac6df20 elementor-position-left elementor-mobile-position-left elementor-view-default elementor-widget elementor-widget-icon-box\" data-id=\"ac6df20\" data-element_type=\"widget\" data-widget_type=\"icon-box.default\">\n\t\t\t\t<div class=\"elementor-widget-container\">\n\t\t\t\t\t\t\t<div class=\"elementor-icon-box-wrapper\">\n\n\t\t\t\t\t\t<div class=\"elementor-icon-box-icon\">\n\t\t\t\t<a href=\"https:\/\/www.instagram.com\/cassinassessors\/?hl=fr\" target=\"_blank\" class=\"elementor-icon\" tabindex=\"-1\" aria-label=\"@cassinassessors\">\n\t\t\t\t<svg aria-hidden=\"true\" class=\"e-font-icon-svg e-fab-instagram\" viewbox=\"0 0 448 512\" xmlns=\"http:\/\/www.w3.org\/2000\/svg\"><path d=\"M224.1 141c-63.6 0-114.9 51.3-114.9 114.9s51.3 114.9 114.9 114.9S339 319.5 339 255.9 287.7 141 224.1 141zm0 189.6c-41.1 0-74.7-33.5-74.7-74.7s33.5-74.7 74.7-74.7 74.7 33.5 74.7 74.7-33.6 74.7-74.7 74.7zm146.4-194.3c0 14.9-12 26.8-26.8 26.8-14.9 0-26.8-12-26.8-26.8s12-26.8 26.8-26.8 26.8 12 26.8 26.8zm76.1 27.2c-1.7-35.9-9.9-67.7-36.2-93.9-26.2-26.2-58-34.4-93.9-36.2-37-2.1-147.9-2.1-184.9 0-35.8 1.7-67.6 9.9-93.9 36.1s-34.4 58-36.2 93.9c-2.1 37-2.1 147.9 0 184.9 1.7 35.9 9.9 67.7 36.2 93.9s58 34.4 93.9 36.2c37 2.1 147.9 2.1 184.9 0 35.9-1.7 67.7-9.9 93.9-36.2 26.2-26.2 34.4-58 36.2-93.9 2.1-37 2.1-147.8 0-184.8zM398.8 388c-7.8 19.6-22.9 34.7-42.6 42.6-29.5 11.7-99.5 9-132.1 9s-102.7 2.6-132.1-9c-19.6-7.8-34.7-22.9-42.6-42.6-11.7-29.5-9-99.5-9-132.1s-2.6-102.7 9-132.1c7.8-19.6 22.9-34.7 42.6-42.6 29.5-11.7 99.5-9 132.1-9s102.7-2.6 132.1 9c19.6 7.8 34.7 22.9 42.6 42.6 11.7 29.5 9 99.5 9 132.1s2.7 102.7-9 132.1z\"><\/path><\/svg>\t\t\t\t<\/a>\n\t\t\t<\/div>\n\t\t\t\n\t\t\t\t\t\t<div class=\"elementor-icon-box-content\">\n\n\t\t\t\t\t\t\t\t\t<h5 class=\"elementor-icon-box-title\">\n\t\t\t\t\t\t<a href=\"https:\/\/www.instagram.com\/cassinassessors\/?hl=fr\" target=\"_blank\" >\n\t\t\t\t\t\t\t@cassinassessors\t\t\t\t\t\t<\/a>\n\t\t\t\t\t<\/h5>\n\t\t\t\t\n\t\t\t\t\n\t\t\t<\/div>\n\t\t\t\n\t\t<\/div>\n\t\t\t\t\t\t<\/div>\n\t\t\t\t<\/div>\n\t\t\t\t<div class=\"elementor-element elementor-element-078ce87 elementor-position-left elementor-mobile-position-left elementor-view-default elementor-widget elementor-widget-icon-box\" data-id=\"078ce87\" data-element_type=\"widget\" data-widget_type=\"icon-box.default\">\n\t\t\t\t<div class=\"elementor-widget-container\">\n\t\t\t\t\t\t\t<div class=\"elementor-icon-box-wrapper\">\n\n\t\t\t\t\t\t<div class=\"elementor-icon-box-icon\">\n\t\t\t\t<span  class=\"elementor-icon\">\n\t\t\t\t<svg aria-hidden=\"true\" class=\"e-font-icon-svg e-far-clock\" viewbox=\"0 0 512 512\" xmlns=\"http:\/\/www.w3.org\/2000\/svg\"><path d=\"M256 8C119 8 8 119 8 256s111 248 248 248 248-111 248-248S393 8 256 8zm0 448c-110.5 0-200-89.5-200-200S145.5 56 256 56s200 89.5 200 200-89.5 200-200 200zm61.8-104.4l-84.9-61.7c-3.1-2.3-4.9-5.9-4.9-9.7V116c0-6.6 5.4-12 12-12h32c6.6 0 12 5.4 12 12v141.7l66.8 48.6c5.4 3.9 6.5 11.4 2.6 16.8L334.6 349c-3.9 5.3-11.4 6.5-16.8 2.6z\"><\/path><\/svg>\t\t\t\t<\/span>\n\t\t\t<\/div>\n\t\t\t\n\t\t\t\t\t\t<div class=\"elementor-icon-box-content\">\n\n\t\t\t\t\t\t\t\t\t<h5 class=\"elementor-icon-box-title\">\n\t\t\t\t\t\t<span  >\n\t\t\t\t\t\t\tDilluns a dijous de 9:30 a 14:00 i de 15:30 a 19:00 <br \/> Divendres de 9:30 a 15:00\t\t\t\t\t\t<\/span>\n\t\t\t\t\t<\/h5>\n\t\t\t\t\n\t\t\t\t\n\t\t\t<\/div>\n\t\t\t\n\t\t<\/div>\n\t\t\t\t\t\t<\/div>\n\t\t\t\t<\/div>\n\t\t\t\t\t<\/div>\n\t\t\t\t<\/div>\n\t\t\t\t<\/div>\n\t\t<div class=\"elementor-element elementor-element-2b037b1 e-con-full e-flex e-con e-child\" data-id=\"2b037b1\" data-element_type=\"container\">\n\t\t<div class=\"elementor-element elementor-element-e3adca4 e-flex e-con-boxed e-con e-child\" data-id=\"e3adca4\" data-element_type=\"container\">\n\t\t\t\t\t<div class=\"e-con-inner\">\n\t\t\t\t<div class=\"elementor-element elementor-element-4c52f7d elementor-widget elementor-widget-heading\" data-id=\"4c52f7d\" data-element_type=\"widget\" data-widget_type=\"heading.default\">\n\t\t\t\t<div class=\"elementor-widget-container\">\n\t\t\t\t\t<h3 class=\"elementor-heading-title elementor-size-default\">Sol\u00b7licita informaci\u00f3 sense comprom\u00eds<\/h3>\t\t\t\t<\/div>\n\t\t\t\t<\/div>\n\t\t\t\t\t<\/div>\n\t\t\t\t<\/div>\n\t\t\t\t<div class=\"elementor-element elementor-element-5264ce6 elementor-widget elementor-widget-shortcode\" data-id=\"5264ce6\" data-element_type=\"widget\" data-widget_type=\"shortcode.default\">\n\t\t\t\t<div class=\"elementor-widget-container\">\n\t\t\t\t\t\t\t<div class=\"elementor-shortcode\"><div class=\"wpforms-container\" id=\"wpforms-70\"><form id=\"wpforms-form-70\" class=\"wpforms-validate wpforms-form\" data-formid=\"70\" method=\"post\" enctype=\"multipart\/form-data\" action=\"\/vlca\/wp-json\/wp\/v2\/pages\/47\" data-token=\"05117d2688a62121e4dcd6416e98a7e0\" data-trp-original-action=\"\/vlca\/wp-json\/wp\/v2\/pages\/47\"><noscript class=\"wpforms-error-noscript\">Please enable JavaScript in your browser to complete this form.<\/noscript><div class=\"wpforms-field-container\"><div id=\"wpforms-70-field_0-container\" class=\"wpforms-field wpforms-field-name\" data-field-id=\"0\"><label class=\"wpforms-field-label wpforms-label-hide\" for=\"wpforms-70-field_0\">Nombre <span class=\"wpforms-required-label\">*<\/span><\/label><input type=\"text\" id=\"wpforms-70-field_0\" class=\"wpforms-field-large wpforms-field-required\" name=\"wpforms[fields][0]\" placeholder=\"El teu nom\" required><\/div><div id=\"wpforms-70-field_1-container\" class=\"wpforms-field wpforms-field-email\" data-field-id=\"1\"><label class=\"wpforms-field-label wpforms-label-hide\" for=\"wpforms-70-field_1\">Direcci\u00f3n de correo electr\u00f3nico <span class=\"wpforms-required-label\">*<\/span><\/label><input type=\"email\" id=\"wpforms-70-field_1\" class=\"wpforms-field-large wpforms-field-required\" name=\"wpforms[fields][1]\" placeholder=\"Correu electr\u00f2nic\" spellcheck=\"false\" required><\/div><div id=\"wpforms-70-field_3-container\" class=\"wpforms-field wpforms-field-number\" data-field-id=\"3\"><label class=\"wpforms-field-label wpforms-label-hide\" for=\"wpforms-70-field_3\">N\u00famero de tel\u00e9fono <span class=\"wpforms-required-label\">*<\/span><\/label><input type=\"number\" pattern=\"\\d*\" id=\"wpforms-70-field_3\" class=\"wpforms-field-large wpforms-field-required\" name=\"wpforms[fields][3]\" placeholder=\"Tel\u00e8fon\" required><\/div><div id=\"wpforms-70-field_2-container\" class=\"wpforms-field wpforms-field-textarea\" data-field-id=\"2\"><label class=\"wpforms-field-label wpforms-label-hide\" for=\"wpforms-70-field_2\">Comentarios<\/label><textarea id=\"wpforms-70-field_2\" class=\"wpforms-field-medium\" name=\"wpforms[fields][2]\" placeholder=\"Descriu el teu cas\" ><\/textarea><\/div><div id=\"wpforms-70-field_4-container\" class=\"wpforms-field wpforms-field-checkbox\" data-field-id=\"4\"><label class=\"wpforms-field-label wpforms-label-hide\" for=\"wpforms-70-field_4\">Casillas de verificaci\u00f3n <span class=\"wpforms-required-label\">*<\/span><\/label><ul id=\"wpforms-70-field_4\" class=\"wpforms-field-required\"><li class=\"choice-1 depth-1\"><input type=\"checkbox\" id=\"wpforms-70-field_4_1\" name=\"wpforms[fields][4][]\" value=\"He le\u00eddo y acepto la pol\u00edtica de privacidad de CASSIN ASSESSORS, S.L.\" required><label class=\"wpforms-field-label-inline\" for=\"wpforms-70-field_4_1\">He llegit i accepte la pol\u00edtica de privacitat de  CASSIN ASSESSORS, S.L.<\/label><\/li><\/ul><\/div><\/div><!-- .wpforms-field-container --><div class=\"wpforms-recaptcha-container wpforms-is-recaptcha wpforms-is-recaptcha-type-v2\" ><div class=\"g-recaptcha\" data-sitekey=\"6Lee7QAqAAAAADOhqME5OIvBK8Du_UVo8Nl4GGKb\"><\/div><input type=\"text\" name=\"g-recaptcha-hidden\" class=\"wpforms-recaptcha-hidden\" style=\"position:absolute!important;clip:rect(0,0,0,0)!important;height:1px!important;width:1px!important;border:0!important;overflow:hidden!important;padding:0!important;margin:0!important;\" data-rule-recaptcha=\"1\"><\/div><div class=\"wpforms-submit-container\" ><input type=\"hidden\" name=\"wpforms[id]\" value=\"70\"><input type=\"hidden\" name=\"wpforms[author]\" value=\"1\"><button type=\"submit\" name=\"wpforms[submit]\" id=\"wpforms-submit-70\" class=\"wpforms-submit\" data-alt-text=\"Enviando...\" data-submit-text=\"Enviar\" aria-live=\"assertive\" value=\"wpforms-submit\">Enviar<\/button><\/div><input type=\"hidden\" name=\"trp-form-language\" value=\"vlca\"\/><\/form><\/div>  <!-- .wpforms-container --><\/div>\n\t\t\t\t\t\t<\/div>\n\t\t\t\t<\/div>\n\t\t\t\t<\/div>\n\t\t\t\t\t<\/div>\n\t\t\t\t<\/div>\n\t\t<div class=\"elementor-element elementor-element-58bc599 e-flex e-con-boxed e-con e-parent\" data-id=\"58bc599\" data-element_type=\"container\">\n\t\t\t\t\t<div class=\"e-con-inner\">\n\t\t\t\t<div class=\"elementor-element elementor-element-7c06140 elementor-widget elementor-widget-google_maps\" data-id=\"7c06140\" data-element_type=\"widget\" data-widget_type=\"google_maps.default\">\n\t\t\t\t<div class=\"elementor-widget-container\">\n\t\t\t\t\t\t\t<div class=\"elementor-custom-embed\">\n\t\t\t<iframe loading=\"lazy\"\n\t\t\t\t\tdata-src=\"https:\/\/maps.google.com\/maps?q=Cassin%20Assessors%20S.l.%2C%20Calle%20Octavio%20Ten%20y%20Orenga%2C%2031%2C%2012600%20la%20Vall%20d%27Uix%C3%B3%2C%20Castell%C3%B3n&#038;t=m&#038;z=14&#038;output=embed&#038;iwloc=near\"\n\t\t\t\t\ttitle=\"Cassin Assessors S.l., Calle Octavio Ten y Orenga, 31, 12600 la Vall d&#039;Uix\u00f3, Castell\u00f3n\"\n\t\t\t\t\taria-label=\"Cassin Assessors S.l., Calle Octavio Ten y Orenga, 31, 12600 la Vall d&#039;Uix\u00f3, Castell\u00f3n\"\n\t\t\t src=\"data:image\/gif;base64,R0lGODlhAQABAAAAACH5BAEKAAEALAAAAAABAAEAAAICTAEAOw==\" class=\"lazyload\" data-load-mode=\"1\"><\/iframe>\n\t\t<\/div>\n\t\t\t\t\t\t<\/div>\n\t\t\t\t<\/div>\n\t\t\t\t\t<\/div>\n\t\t\t\t<\/div>\n\t\t\t\t<\/div>","protected":false},"excerpt":{"rendered":"<p>Informaci\u00f3n de contacto \u00bfTienes preguntas o necesitas asesoramiento experto? Nuestro equipo est\u00e1 listo y esperando para ofrecerte el apoyo que necesitas. C\/ Octavi Ten i Orenga, 31 bajo 12600 \u2013 La Vall d\u2019Uix\u00f3, Castell\u00f3n, Espa\u00f1a +34 964 66 50 09 info@cassinasesores.es @cassinassessors Lunes a jueves de 9:30 a 14:00 y de 15:30 a 19:00 Viernes&hellip; <a class=\"continue\" href=\"https:\/\/www.cassinasesores.es\/vlca\/contacto\/\">Continuar Leyendo<span> Contacte<\/span><\/a><\/p>","protected":false},"author":1,"featured_media":0,"parent":0,"menu_order":0,"comment_status":"closed","ping_status":"closed","template":"","meta":{"site-sidebar-layout":"no-sidebar","site-content-layout":"","ast-site-content-layout":"default","site-content-style":"default","site-sidebar-style":"default","ast-global-header-display":"","ast-banner-title-visibility":"","ast-main-header-display":"","ast-hfb-above-header-display":"","ast-hfb-below-header-display":"","ast-hfb-mobile-header-display":"","site-post-title":"disabled","ast-breadcrumbs-content":"","ast-featured-img":"disabled","footer-sml-layout":"","theme-transparent-header-meta":"","adv-header-id-meta":"","stick-header-meta":"","header-above-stick-meta":"","header-main-stick-meta":"","header-below-stick-meta":"","astra-migrate-meta-layouts":"set","ast-page-background-enabled":"default","ast-page-background-meta":{"desktop":{"background-color":"","background-image":"","background-repeat":"repeat","background-position":"center center","background-size":"auto","background-attachment":"scroll","background-type":"","background-media":"","overlay-type":"","overlay-color":"","overlay-gradient":""},"tablet":{"background-color":"","background-image":"","background-repeat":"repeat","background-position":"center center","background-size":"auto","background-attachment":"scroll","background-type":"","background-media":"","overlay-type":"","overlay-color":"","overlay-gradient":""},"mobile":{"background-color":"","background-image":"","background-repeat":"repeat","background-position":"center center","background-size":"auto","background-attachment":"scroll","background-type":"","background-media":"","overlay-type":"","overlay-color":"","overlay-gradient":""}},"ast-content-background-meta":{"desktop":{"background-color":"var(--ast-global-color-5)","background-image":"","background-repeat":"repeat","background-position":"center center","background-size":"auto","background-attachment":"scroll","background-type":"","background-media":"","overlay-type":"","overlay-color":"","overlay-gradient":""},"tablet":{"background-color":"var(--ast-global-color-5)","background-image":"","background-repeat":"repeat","background-position":"center center","background-size":"auto","background-attachment":"scroll","background-type":"","background-media":"","overlay-type":"","overlay-color":"","overlay-gradient":""},"mobile":{"background-color":"var(--ast-global-color-5)","background-image":"","background-repeat":"repeat","background-position":"center center","background-size":"auto","background-attachment":"scroll","background-type":"","background-media":"","overlay-type":"","overlay-color":"","overlay-gradient":""}},"_joinchat":[],"footnotes":""},"class_list":["post-47","page","type-page","status-publish","hentry"],"yoast_head":"<!-- This site is optimized with the Yoast SEO plugin v22.4 - https:\/\/yoast.com\/wordpress\/plugins\/seo\/ -->\n<title>Contacto - CASSIN Assessors<\/title>\n<meta name=\"description\" content=\"\u00bfTienes preguntas o necesitas asesoramiento? Visita nuestra p\u00e1gina de contacto para comunicarte con nosotros. Estamos aqu\u00ed para ayudarte.\" \/>\n<meta name=\"robots\" content=\"index, follow, max-snippet:-1, max-image-preview:large, max-video-preview:-1\" \/>\n<link rel=\"canonical\" href=\"https:\/\/www.cassinasesores.es\/vlca\/contacto\/\" \/>\n<meta property=\"og:locale\" content=\"en_US\" \/>\n<meta property=\"og:type\" content=\"article\" \/>\n<meta property=\"og:title\" content=\"Contacto - CASSIN Assessors\" \/>\n<meta property=\"og:description\" content=\"\u00bfTienes preguntas o necesitas asesoramiento? Visita nuestra p\u00e1gina de contacto para comunicarte con nosotros. Estamos aqu\u00ed para ayudarte.\" \/>\n<meta property=\"og:url\" content=\"https:\/\/www.cassinasesores.es\/vlca\/contacto\/\" \/>\n<meta property=\"og:site_name\" content=\"CASSIN Assessors\" \/>\n<meta property=\"article:publisher\" content=\"https:\/\/m.facebook.com\/people\/Cassin-Assessors\/100043677105792\/\" \/>\n<meta property=\"article:modified_time\" content=\"2024-06-26T06:13:31+00:00\" \/>\n<meta name=\"twitter:card\" content=\"summary_large_image\" \/>\n<meta name=\"twitter:label1\" content=\"Est. reading time\" \/>\n\t<meta name=\"twitter:data1\" content=\"1 minute\" \/>\n<script type=\"application\/ld+json\" class=\"yoast-schema-graph\">{\"@context\":\"https:\/\/schema.org\",\"@graph\":[{\"@type\":\"WebPage\",\"@id\":\"https:\/\/www.cassinasesores.es\/contacto\/\",\"url\":\"https:\/\/www.cassinasesores.es\/contacto\/\",\"name\":\"Contacto - CASSIN Assessors\",\"isPartOf\":{\"@id\":\"https:\/\/www.cassinasesores.es\/#website\"},\"datePublished\":\"2023-11-23T10:55:14+00:00\",\"dateModified\":\"2024-06-26T06:13:31+00:00\",\"description\":\"\u00bfTienes preguntas o necesitas asesoramiento? Visita nuestra p\u00e1gina de contacto para comunicarte con nosotros. Estamos aqu\u00ed para ayudarte.\",\"breadcrumb\":{\"@id\":\"https:\/\/www.cassinasesores.es\/contacto\/#breadcrumb\"},\"inLanguage\":\"vlca\",\"potentialAction\":[{\"@type\":\"ReadAction\",\"target\":[\"https:\/\/www.cassinasesores.es\/contacto\/\"]}]},{\"@type\":\"BreadcrumbList\",\"@id\":\"https:\/\/www.cassinasesores.es\/contacto\/#breadcrumb\",\"itemListElement\":[{\"@type\":\"ListItem\",\"position\":1,\"name\":\"Portada\",\"item\":\"https:\/\/www.cassinasesores.es\/\"},{\"@type\":\"ListItem\",\"position\":2,\"name\":\"Contacto\"}]},{\"@type\":\"WebSite\",\"@id\":\"https:\/\/www.cassinasesores.es\/#website\",\"url\":\"https:\/\/www.cassinasesores.es\/\",\"name\":\"CASSIN Assessors\",\"description\":\"Centro de Asesoramiento Integral\",\"publisher\":{\"@id\":\"https:\/\/www.cassinasesores.es\/#organization\"},\"alternateName\":\"CASSIN\",\"potentialAction\":[{\"@type\":\"SearchAction\",\"target\":{\"@type\":\"EntryPoint\",\"urlTemplate\":\"https:\/\/www.cassinasesores.es\/?s={search_term_string}\"},\"query-input\":\"required name=search_term_string\"}],\"inLanguage\":\"vlca\"},{\"@type\":\"Organization\",\"@id\":\"https:\/\/www.cassinasesores.es\/#organization\",\"name\":\"CASSIN Assessors\",\"url\":\"https:\/\/www.cassinasesores.es\/\",\"logo\":{\"@type\":\"ImageObject\",\"inLanguage\":\"vlca\",\"@id\":\"https:\/\/www.cassinasesores.es\/#\/schema\/logo\/image\/\",\"url\":\"https:\/\/www.cassinasesores.es\/wp-content\/uploads\/2023\/11\/logo-cassin.png\",\"contentUrl\":\"https:\/\/www.cassinasesores.es\/wp-content\/uploads\/2023\/11\/logo-cassin.png\",\"width\":158,\"height\":94,\"caption\":\"CASSIN Assessors\"},\"image\":{\"@id\":\"https:\/\/www.cassinasesores.es\/#\/schema\/logo\/image\/\"},\"sameAs\":[\"https:\/\/m.facebook.com\/people\/Cassin-Assessors\/100043677105792\/\",\"https:\/\/www.instagram.com\/cassinassessors\/reels\/?hl=fr\"]}]}<\/script>\n<!-- \/ Yoast SEO plugin. -->","yoast_head_json":{"title":"Contacto - CASSIN Assessors","description":"\u00bfTienes preguntas o necesitas asesoramiento? Visita nuestra p\u00e1gina de contacto para comunicarte con nosotros. Estamos aqu\u00ed para ayudarte.","robots":{"index":"index","follow":"follow","max-snippet":"max-snippet:-1","max-image-preview":"max-image-preview:large","max-video-preview":"max-video-preview:-1"},"canonical":"https:\/\/www.cassinasesores.es\/vlca\/contacto\/","og_locale":"en_US","og_type":"article","og_title":"Contacto - CASSIN Assessors","og_description":"\u00bfTienes preguntas o necesitas asesoramiento? Visita nuestra p\u00e1gina de contacto para comunicarte con nosotros. Estamos aqu\u00ed para ayudarte.","og_url":"https:\/\/www.cassinasesores.es\/vlca\/contacto\/","og_site_name":"CASSIN Assessors","article_publisher":"https:\/\/m.facebook.com\/people\/Cassin-Assessors\/100043677105792\/","article_modified_time":"2024-06-26T06:13:31+00:00","twitter_card":"summary_large_image","twitter_misc":{"Est. reading time":"1 minute"},"schema":{"@context":"https:\/\/schema.org","@graph":[{"@type":"WebPage","@id":"https:\/\/www.cassinasesores.es\/contacto\/","url":"https:\/\/www.cassinasesores.es\/contacto\/","name":"Contacto - CASSIN Assessors","isPartOf":{"@id":"https:\/\/www.cassinasesores.es\/#website"},"datePublished":"2023-11-23T10:55:14+00:00","dateModified":"2024-06-26T06:13:31+00:00","description":"\u00bfTienes preguntas o necesitas asesoramiento? Visita nuestra p\u00e1gina de contacto para comunicarte con nosotros. Estamos aqu\u00ed para ayudarte.","breadcrumb":{"@id":"https:\/\/www.cassinasesores.es\/contacto\/#breadcrumb"},"inLanguage":"vlca","potentialAction":[{"@type":"ReadAction","target":["https:\/\/www.cassinasesores.es\/contacto\/"]}]},{"@type":"BreadcrumbList","@id":"https:\/\/www.cassinasesores.es\/contacto\/#breadcrumb","itemListElement":[{"@type":"ListItem","position":1,"name":"Portada","item":"https:\/\/www.cassinasesores.es\/"},{"@type":"ListItem","position":2,"name":"Contacto"}]},{"@type":"WebSite","@id":"https:\/\/www.cassinasesores.es\/#website","url":"https:\/\/www.cassinasesores.es\/","name":"CASSIN Assessors","description":"Centro de Asesoramiento Integral","publisher":{"@id":"https:\/\/www.cassinasesores.es\/#organization"},"alternateName":"CASSIN","potentialAction":[{"@type":"SearchAction","target":{"@type":"EntryPoint","urlTemplate":"https:\/\/www.cassinasesores.es\/?s={search_term_string}"},"query-input":"required name=search_term_string"}],"inLanguage":"vlca"},{"@type":"Organization","@id":"https:\/\/www.cassinasesores.es\/#organization","name":"CASSIN Assessors","url":"https:\/\/www.cassinasesores.es\/","logo":{"@type":"ImageObject","inLanguage":"vlca","@id":"https:\/\/www.cassinasesores.es\/#\/schema\/logo\/image\/","url":"https:\/\/www.cassinasesores.es\/wp-content\/uploads\/2023\/11\/logo-cassin.png","contentUrl":"https:\/\/www.cassinasesores.es\/wp-content\/uploads\/2023\/11\/logo-cassin.png","width":158,"height":94,"caption":"CASSIN Assessors"},"image":{"@id":"https:\/\/www.cassinasesores.es\/#\/schema\/logo\/image\/"},"sameAs":["https:\/\/m.facebook.com\/people\/Cassin-Assessors\/100043677105792\/","https:\/\/www.instagram.com\/cassinassessors\/reels\/?hl=fr"]}]}},"_links":{"self":[{"href":"https:\/\/www.cassinasesores.es\/vlca\/wp-json\/wp\/v2\/pages\/47","targetHints":{"allow":["GET"]}}],"collection":[{"href":"https:\/\/www.cassinasesores.es\/vlca\/wp-json\/wp\/v2\/pages"}],"about":[{"href":"https:\/\/www.cassinasesores.es\/vlca\/wp-json\/wp\/v2\/types\/page"}],"author":[{"embeddable":true,"href":"https:\/\/www.cassinasesores.es\/vlca\/wp-json\/wp\/v2\/users\/1"}],"replies":[{"embeddable":true,"href":"https:\/\/www.cassinasesores.es\/vlca\/wp-json\/wp\/v2\/comments?post=47"}],"version-history":[{"count":51,"href":"https:\/\/www.cassinasesores.es\/vlca\/wp-json\/wp\/v2\/pages\/47\/revisions"}],"predecessor-version":[{"id":2961,"href":"https:\/\/www.cassinasesores.es\/vlca\/wp-json\/wp\/v2\/pages\/47\/revisions\/2961"}],"wp:attachment":[{"href":"https:\/\/www.cassinasesores.es\/vlca\/wp-json\/wp\/v2\/media?parent=47"}],"curies":[{"name":"wp","href":"https:\/\/api.w.org\/{rel}","templated":true}]}}